{"id":293,"date":"2020-04-18T17:09:26","date_gmt":"2020-04-18T15:09:26","guid":{"rendered":"https:\/\/maternelle-antoine-remond-lyon.blog.ac-lyon.fr\/wordpress\/?page_id=293"},"modified":"2022-06-21T16:09:58","modified_gmt":"2022-06-21T14:09:58","slug":"293-2","status":"publish","type":"page","link":"https:\/\/maternelle-antoine-remond-lyon.blog.ac-lyon.fr\/wordpress\/","title":{"rendered":"Bienvenus sur le blog de l&rsquo;\u00e9cole maternelle Antoine Remond!"},"content":{"rendered":"\n<div class=\"wp-block-group alignfull\"><div class=\"wp-block-group__inner-container is-layout-flow wp-block-group-is-layout-flow\">\n<p>Le site de l\u2019\u00e9cole maternelle Antoine Remond est con\u00e7u \u00e0 l\u2019intention des familles et, on l\u2019esp\u00e8re, vous apportera quelques informations utiles sur l\u2019\u00e9cole et son fonctionnement, les diff\u00e9rents interlocuteurs et leurs r\u00f4les, les activit\u00e9s propos\u00e9es&#8230;&nbsp;<\/p>\n\n\n\n<p>Pour aider votre enfant \u00e0 s\u2019\u00e9panouir, l\u2019\u00e9quipe \u00e9ducative, le personnel de la ville de Lyon, l\u2019\u00e9quipe du centre de loisirs, le personnel m\u00e9dico-social, les parents d\u2019\u00e9l\u00e8ves\u2026 travaillent main dans la main.&nbsp;&nbsp;<\/p>\n\n\n\n<p>Pour en savoir plus\u202f:\u00a0<\/p>\n\n\n\n<p><a href=\"https:\/\/www.education.gouv.fr\/bo\/15\/Special2\/MENE1504759A.htm#\">Programme d&rsquo;enseignement de l&rsquo;\u00e9cole maternelle <\/a><\/p>\n\n\n\n<p><a href=\"https:\/\/www.lyon.fr\/enfance-et-education\/leducation\/lyon-ville-educatrice\" target=\"_blank\" rel=\"noreferrer noopener\">https:\/\/www.lyon.fr\/enfance-et-education\/leducation\/lyon-ville-educatrice<\/a><\/p>\n\n\n\n<p><a href=\"https:\/\/www.lyon.fr\/enfance-et-education\/leducation\/lecole-en-pratique\" target=\"_blank\" rel=\"noreferrer noopener\">https:\/\/www.lyon.fr\/enfance-et-education\/leducation\/lecole-en-pratique<\/a><\/p>\n\n\n\n<p><a href=\"https:\/\/www.ac-lyon.fr\/\" target=\"_blank\" rel=\"noreferrer noopener\">https:\/\/www.ac-lyon.fr\/<\/a><\/p>\n<\/div><\/div>\n\n\n\n<div class=\"wp-block-group\"><div class=\"wp-block-group__inner-container is-layout-flow wp-block-group-is-layout-flow\">\n<p>Derniers articles publi\u00e9s :<\/p>\n<\/div><\/div>\n\n\n\n<div class=\"wp-block-group\"><div class=\"wp-block-group__inner-container is-layout-flow wp-block-group-is-layout-flow\"><ul class=\"wp-block-latest-posts__list alignleft wp-block-latest-posts\"><li><a class=\"wp-block-latest-posts__post-title\" href=\"https:\/\/maternelle-antoine-remond-lyon.blog.ac-lyon.fr\/wordpress\/2022\/06\/22\/activite-kapla\/\">Activit\u00e9 KAPLA<\/a><\/li>\n<\/ul><\/div><\/div>\n","protected":false},"excerpt":{"rendered":"<p>Le site de l\u2019\u00e9cole maternelle Antoine Remond est con\u00e7u \u00e0 l\u2019intention des familles et, on l\u2019esp\u00e8re, vous apportera quelques informations utiles sur l\u2019\u00e9cole et son fonctionnement, les diff\u00e9rents interlocuteurs et &hellip; <\/p>\n<p class=\"link-more\"><a href=\"https:\/\/maternelle-antoine-remond-lyon.blog.ac-lyon.fr\/wordpress\/\" class=\"more-link\">Continuer la lecture<span class=\"screen-reader-text\"> de &laquo;&nbsp;Bienvenus sur le blog de l&rsquo;\u00e9cole maternelle Antoine Remond!&nbsp;&raquo;<\/span><\/a><\/p>\n","protected":false},"author":6,"featured_media":0,"parent":0,"menu_order":0,"comment_status":"closed","ping_status":"closed","template":"","meta":{"ngg_post_thumbnail":0,"_EventAllDay":false,"_EventTimezone":"","_EventStartDate":"","_EventEndDate":"","_EventStartDateUTC":"","_EventEndDateUTC":"","_EventShowMap":false,"_EventShowMapLink":false,"_EventURL":"","_EventCost":"","_EventCostDescription":"","_EventCurrencySymbol":"","_EventCurrencyCode":"","_EventCurrencyPosition":"","_EventDateTimeSeparator":"","_EventTimeRangeSeparator":"","_EventOrganizerID":[],"_EventVenueID":0,"_OrganizerEmail":"","_OrganizerPhone":"","_OrganizerWebsite":"","_VenueAddress":"","_VenueCity":"","_VenueCountry":"","_VenueProvince":"","_VenueZip":"","_VenuePhone":"","_VenueURL":"","_VenueStateProvince":"","_VenueLat":"","_VenueLng":"","footnotes":""},"class_list":["post-293","page","type-page","status-publish","hentry"],"yoast_head":"<!-- This site is optimized with the Yoast SEO plugin v24.9 - https:\/\/yoast.com\/wordpress\/plugins\/seo\/ -->\n<title>Bienvenus sur le blog de l&#039;\u00e9cole maternelle Antoine Remond! - Ecole Maternelle Antoine Remond<\/title>\n<meta name=\"robots\" content=\"index, follow, max-snippet:-1, max-image-preview:large, max-video-preview:-1\" \/>\n<link rel=\"canonical\" href=\"https:\/\/maternelle-antoine-remond-lyon.blog.ac-lyon.fr\/wordpress\/\" \/>\n<meta property=\"og:locale\" content=\"fr_FR\" \/>\n<meta property=\"og:type\" content=\"article\" \/>\n<meta property=\"og:title\" content=\"Bienvenus sur le blog de l&#039;\u00e9cole maternelle Antoine Remond! - Ecole Maternelle Antoine Remond\" \/>\n<meta property=\"og:description\" content=\"Le site de l\u2019\u00e9cole maternelle Antoine Remond est con\u00e7u \u00e0 l\u2019intention des familles et, on l\u2019esp\u00e8re, vous apportera quelques informations utiles sur l\u2019\u00e9cole et son fonctionnement, les diff\u00e9rents interlocuteurs et &hellip; Continuer la lecture de &laquo;&nbsp;Bienvenus sur le blog de l&rsquo;\u00e9cole maternelle Antoine Remond!&nbsp;&raquo;\" \/>\n<meta property=\"og:url\" content=\"https:\/\/maternelle-antoine-remond-lyon.blog.ac-lyon.fr\/wordpress\/\" \/>\n<meta property=\"og:site_name\" content=\"Ecole Maternelle Antoine Remond\" \/>\n<meta property=\"article:modified_time\" content=\"2022-06-21T14:09:58+00:00\" \/>\n<meta name=\"twitter:card\" content=\"summary_large_image\" \/>\n<meta name=\"twitter:label1\" content=\"Dur\u00e9e de lecture estim\u00e9e\" \/>\n\t<meta name=\"twitter:data1\" content=\"1 minute\" \/>\n<script type=\"application\/ld+json\" class=\"yoast-schema-graph\">{\"@context\":\"https:\/\/schema.org\",\"@graph\":[{\"@type\":\"WebPage\",\"@id\":\"https:\/\/maternelle-antoine-remond-lyon.blog.ac-lyon.fr\/wordpress\/\",\"url\":\"https:\/\/maternelle-antoine-remond-lyon.blog.ac-lyon.fr\/wordpress\/\",\"name\":\"Bienvenus sur le blog de l'\u00e9cole maternelle Antoine Remond! - Ecole Maternelle Antoine Remond\",\"isPartOf\":{\"@id\":\"https:\/\/maternelle-antoine-remond-lyon.blog.ac-lyon.fr\/wordpress\/#website\"},\"datePublished\":\"2020-04-18T15:09:26+00:00\",\"dateModified\":\"2022-06-21T14:09:58+00:00\",\"breadcrumb\":{\"@id\":\"https:\/\/maternelle-antoine-remond-lyon.blog.ac-lyon.fr\/wordpress\/#breadcrumb\"},\"inLanguage\":\"fr-FR\",\"potentialAction\":[{\"@type\":\"ReadAction\",\"target\":[\"https:\/\/maternelle-antoine-remond-lyon.blog.ac-lyon.fr\/wordpress\/\"]}]},{\"@type\":\"BreadcrumbList\",\"@id\":\"https:\/\/maternelle-antoine-remond-lyon.blog.ac-lyon.fr\/wordpress\/#breadcrumb\",\"itemListElement\":[{\"@type\":\"ListItem\",\"position\":1,\"name\":\"Accueil\",\"item\":\"https:\/\/maternelle-antoine-remond-lyon.blog.ac-lyon.fr\/wordpress\/\"},{\"@type\":\"ListItem\",\"position\":2,\"name\":\"Bienvenus sur le blog de l&#8217;\u00e9cole maternelle Antoine Remond!\"}]},{\"@type\":\"WebSite\",\"@id\":\"https:\/\/maternelle-antoine-remond-lyon.blog.ac-lyon.fr\/wordpress\/#website\",\"url\":\"https:\/\/maternelle-antoine-remond-lyon.blog.ac-lyon.fr\/wordpress\/\",\"name\":\"Ecole Maternelle Antoine Remond\",\"description\":\"\",\"potentialAction\":[{\"@type\":\"SearchAction\",\"target\":{\"@type\":\"EntryPoint\",\"urlTemplate\":\"https:\/\/maternelle-antoine-remond-lyon.blog.ac-lyon.fr\/wordpress\/?s={search_term_string}\"},\"query-input\":{\"@type\":\"PropertyValueSpecification\",\"valueRequired\":true,\"valueName\":\"search_term_string\"}}],\"inLanguage\":\"fr-FR\"}]}<\/script>\n<!-- \/ Yoast SEO plugin. -->","yoast_head_json":{"title":"Bienvenus sur le blog de l'\u00e9cole maternelle Antoine Remond! - Ecole Maternelle Antoine Remond","robots":{"index":"index","follow":"follow","max-snippet":"max-snippet:-1","max-image-preview":"max-image-preview:large","max-video-preview":"max-video-preview:-1"},"canonical":"https:\/\/maternelle-antoine-remond-lyon.blog.ac-lyon.fr\/wordpress\/","og_locale":"fr_FR","og_type":"article","og_title":"Bienvenus sur le blog de l'\u00e9cole maternelle Antoine Remond! - Ecole Maternelle Antoine Remond","og_description":"Le site de l\u2019\u00e9cole maternelle Antoine Remond est con\u00e7u \u00e0 l\u2019intention des familles et, on l\u2019esp\u00e8re, vous apportera quelques informations utiles sur l\u2019\u00e9cole et son fonctionnement, les diff\u00e9rents interlocuteurs et &hellip; Continuer la lecture de &laquo;&nbsp;Bienvenus sur le blog de l&rsquo;\u00e9cole maternelle Antoine Remond!&nbsp;&raquo;","og_url":"https:\/\/maternelle-antoine-remond-lyon.blog.ac-lyon.fr\/wordpress\/","og_site_name":"Ecole Maternelle Antoine Remond","article_modified_time":"2022-06-21T14:09:58+00:00","twitter_card":"summary_large_image","twitter_misc":{"Dur\u00e9e de lecture estim\u00e9e":"1 minute"},"schema":{"@context":"https:\/\/schema.org","@graph":[{"@type":"WebPage","@id":"https:\/\/maternelle-antoine-remond-lyon.blog.ac-lyon.fr\/wordpress\/","url":"https:\/\/maternelle-antoine-remond-lyon.blog.ac-lyon.fr\/wordpress\/","name":"Bienvenus sur le blog de l'\u00e9cole maternelle Antoine Remond! - Ecole Maternelle Antoine Remond","isPartOf":{"@id":"https:\/\/maternelle-antoine-remond-lyon.blog.ac-lyon.fr\/wordpress\/#website"},"datePublished":"2020-04-18T15:09:26+00:00","dateModified":"2022-06-21T14:09:58+00:00","breadcrumb":{"@id":"https:\/\/maternelle-antoine-remond-lyon.blog.ac-lyon.fr\/wordpress\/#breadcrumb"},"inLanguage":"fr-FR","potentialAction":[{"@type":"ReadAction","target":["https:\/\/maternelle-antoine-remond-lyon.blog.ac-lyon.fr\/wordpress\/"]}]},{"@type":"BreadcrumbList","@id":"https:\/\/maternelle-antoine-remond-lyon.blog.ac-lyon.fr\/wordpress\/#breadcrumb","itemListElement":[{"@type":"ListItem","position":1,"name":"Accueil","item":"https:\/\/maternelle-antoine-remond-lyon.blog.ac-lyon.fr\/wordpress\/"},{"@type":"ListItem","position":2,"name":"Bienvenus sur le blog de l&#8217;\u00e9cole maternelle Antoine Remond!"}]},{"@type":"WebSite","@id":"https:\/\/maternelle-antoine-remond-lyon.blog.ac-lyon.fr\/wordpress\/#website","url":"https:\/\/maternelle-antoine-remond-lyon.blog.ac-lyon.fr\/wordpress\/","name":"Ecole Maternelle Antoine Remond","description":"","potentialAction":[{"@type":"SearchAction","target":{"@type":"EntryPoint","urlTemplate":"https:\/\/maternelle-antoine-remond-lyon.blog.ac-lyon.fr\/wordpress\/?s={search_term_string}"},"query-input":{"@type":"PropertyValueSpecification","valueRequired":true,"valueName":"search_term_string"}}],"inLanguage":"fr-FR"}]}},"_links":{"self":[{"href":"https:\/\/maternelle-antoine-remond-lyon.blog.ac-lyon.fr\/wordpress\/wp-json\/wp\/v2\/pages\/293","targetHints":{"allow":["GET"]}}],"collection":[{"href":"https:\/\/maternelle-antoine-remond-lyon.blog.ac-lyon.fr\/wordpress\/wp-json\/wp\/v2\/pages"}],"about":[{"href":"https:\/\/maternelle-antoine-remond-lyon.blog.ac-lyon.fr\/wordpress\/wp-json\/wp\/v2\/types\/page"}],"author":[{"embeddable":true,"href":"https:\/\/maternelle-antoine-remond-lyon.blog.ac-lyon.fr\/wordpress\/wp-json\/wp\/v2\/users\/6"}],"replies":[{"embeddable":true,"href":"https:\/\/maternelle-antoine-remond-lyon.blog.ac-lyon.fr\/wordpress\/wp-json\/wp\/v2\/comments?post=293"}],"version-history":[{"count":48,"href":"https:\/\/maternelle-antoine-remond-lyon.blog.ac-lyon.fr\/wordpress\/wp-json\/wp\/v2\/pages\/293\/revisions"}],"predecessor-version":[{"id":544,"href":"https:\/\/maternelle-antoine-remond-lyon.blog.ac-lyon.fr\/wordpress\/wp-json\/wp\/v2\/pages\/293\/revisions\/544"}],"wp:attachment":[{"href":"https:\/\/maternelle-antoine-remond-lyon.blog.ac-lyon.fr\/wordpress\/wp-json\/wp\/v2\/media?parent=293"}],"curies":[{"name":"wp","href":"https:\/\/api.w.org\/{rel}","templated":true}]}}