{"id":345,"date":"2020-05-02T09:27:36","date_gmt":"2020-05-02T07:27:36","guid":{"rendered":"https:\/\/maternelle-antoine-remond-lyon.blog.ac-lyon.fr\/wordpress\/?page_id=345"},"modified":"2022-06-21T16:01:03","modified_gmt":"2022-06-21T14:01:03","slug":"periscolaire","status":"publish","type":"page","link":"https:\/\/maternelle-antoine-remond-lyon.blog.ac-lyon.fr\/wordpress\/periscolaire\/","title":{"rendered":"Les temps d&rsquo;accueil p\u00e9riscolaires"},"content":{"rendered":"\n<p>Les temps p\u00e9riscolaires (accueil du matin, pause de midi ou m\u00e9ridienne, apr\u00e8s la classe et fin d\u2019apr\u00e8m, ateliers du mercredis) sont du ressort de la Ville De Lyon qui s\u2019appuie pour l\u2019\u00e9cole Antoine R\u00e9mond sur le partenariat avec l\u2019association Com\u2019expression.&nbsp;<\/p>\n\n\n\n<p><strong>Premi\u00e8re inscription aux activit\u00e9s p\u00e9riscolaires<\/strong>\u202f: <a href=\"https:\/\/www.lyon.fr\/demarche\/vie-scolaire\/inscription-restauration-scolaire-et-activites-periscolaires\" target=\"_blank\" rel=\"noreferrer noopener\">https:\/\/www.lyon.fr\/demarche\/vie-scolaire\/inscription-restauration-scolaire-et-activites-periscolaires<\/a>&nbsp;<\/p>\n\n\n\n<p><strong>Interlocuteur gestion administrative p\u00e9riscolaire<\/strong>: Mme Pasqualini Leila\u202f <a href=\"mailto:mat6.remond@mairie-lyon.fr\" target=\"_blank\" rel=\"noreferrer noopener\">mat6.remond@mairie-lyon.fr<\/a>&nbsp;<\/p>\n\n\n\n<p><strong>Interlocuteur accueil du matin (7h50-8h10)<\/strong>\u202f<strong>:<\/strong> Mme Pasqualini Leila<\/p>\n\n\n\n<p>m<a href=\"mailto:mat6.remond@mairie-lyon.fr\" target=\"_blank\" rel=\"noreferrer noopener\">at6.remond@mairie-lyon.fr<\/a>&nbsp;<\/p>\n\n\n\n<p><strong>Interlocuteur pause de midi (12h00-14h15)\u202f:<\/strong> M Thevin Armand  <a href=\"mailto:alaematernelremond@comexpression.com\" target=\"_blank\" rel=\"noreferrer noopener\">alaematernelremond@comexpression.com<\/a>\u00a0\u00a0<\/p>\n\n\n\n<p><strong>Modification restauration scolaire\u202f:<\/strong> <a href=\"https:\/\/cdda.lyon.fr\/\" target=\"_blank\" rel=\"noreferrer noopener\">https:\/\/cdda.lyon.fr\/<\/a>\u00a0<\/p>\n\n\n\n<p>L\u2019ajout ou l\u2019annulation est possible en ligne. D\u00e9lai de 2 jours de classe, 9h du matin, avant la date est souhait\u00e9e.\u00a0<\/p>\n\n\n\n<p><strong>Les\u00a0 menus de la semaine\u202f:<\/strong> <a href=\"https:\/\/www.lyon.fr\/actualite\/education\/quest-ce-quon-mange\" target=\"_blank\" rel=\"noreferrer noopener\">https:\/\/www.lyon.fr\/actualite\/education\/quest-ce-quon-mange<\/a>\u00a0<\/p>\n\n\n\n<p><strong>Interlocuteur p\u00e9riscolaire fin de journ\u00e9e (16h45-17h30 &amp; 17h30-18h30)\u202f:<\/strong> M Thevin Armand  <a href=\"mailto:alaematernelremond@comexpression.com\" target=\"_blank\" rel=\"noreferrer noopener\">alaematernelremond@comexpression.com<\/a>&nbsp;&nbsp;<\/p>\n\n\n\n<p><strong>Modification activit\u00e9 \u00ab\u202ffin d\u2019aprem\u202f\u00bb\u202f:<\/strong> Envoyer un mail \u00e0 <a href=\"mailto:mat6.remond@mairie-lyon.fr\" target=\"_blank\" rel=\"noreferrer noopener\">mat6.remond@mairie-lyon.fr<\/a>&nbsp;<\/p>\n\n\n\n<p>L\u2019ajout ou l\u2019annulation est possible en ligne. D\u00e9lai de 2 jours de classe avant la date est souhait\u00e9e.\u00a0 Le go\u00fbter n&rsquo;est pas fourni.<\/p>\n\n\n\n<p><strong>Interlocuteur ateliers du mercredi matin : <\/strong>Mme Maitinara Terhy <a href=\"mailto:alaeprimaireremond@comexpression.com\" target=\"_blank\" rel=\"noreferrer noopener\">alaeprimaireremond@comexpression.com<\/a>\u00a0\u00a0<\/p>\n\n\n\n<p><strong>Paiements en ligne\u202f:<\/strong> Demander identifiants par mail \u00e0 <a href=\"mailto:regies.education@mairie-lyon.fr\" target=\"_blank\" rel=\"noreferrer noopener\">regies.education@mairie-lyon.fr<\/a>&nbsp;&nbsp;<\/p>\n","protected":false},"excerpt":{"rendered":"<p>Les temps p\u00e9riscolaires (accueil du matin, pause de midi ou m\u00e9ridienne, apr\u00e8s la classe et fin d\u2019apr\u00e8m, ateliers du mercredis) sont du ressort de la Ville De Lyon qui s\u2019appuie &hellip; <\/p>\n<p class=\"link-more\"><a href=\"https:\/\/maternelle-antoine-remond-lyon.blog.ac-lyon.fr\/wordpress\/periscolaire\/\" class=\"more-link\">Continuer la lecture<span class=\"screen-reader-text\"> de &laquo;&nbsp;Les temps d&rsquo;accueil p\u00e9riscolaires&nbsp;&raquo;<\/span><\/a><\/p>\n","protected":false},"author":6,"featured_media":0,"parent":0,"menu_order":0,"comment_status":"closed","ping_status":"closed","template":"","meta":{"ngg_post_thumbnail":0,"_EventAllDay":false,"_EventTimezone":"","_EventStartDate":"","_EventEndDate":"","_EventStartDateUTC":"","_EventEndDateUTC":"","_EventShowMap":false,"_EventShowMapLink":false,"_EventURL":"","_EventCost":"","_EventCostDescription":"","_EventCurrencySymbol":"","_EventCurrencyCode":"","_EventCurrencyPosition":"","_EventDateTimeSeparator":"","_EventTimeRangeSeparator":"","_EventOrganizerID":[],"_EventVenueID":0,"_OrganizerEmail":"","_OrganizerPhone":"","_OrganizerWebsite":"","_VenueAddress":"","_VenueCity":"","_VenueCountry":"","_VenueProvince":"","_VenueZip":"","_VenuePhone":"","_VenueURL":"","_VenueStateProvince":"","_VenueLat":"","_VenueLng":"","footnotes":""},"class_list":["post-345","page","type-page","status-publish","hentry"],"yoast_head":"<!-- This site is optimized with the Yoast SEO plugin v24.9 - https:\/\/yoast.com\/wordpress\/plugins\/seo\/ -->\n<title>Les temps d&#039;accueil p\u00e9riscolaires - Ecole Maternelle Antoine Remond<\/title>\n<meta name=\"robots\" content=\"index, follow, max-snippet:-1, max-image-preview:large, max-video-preview:-1\" \/>\n<link rel=\"canonical\" href=\"https:\/\/maternelle-antoine-remond-lyon.blog.ac-lyon.fr\/wordpress\/periscolaire\/\" \/>\n<meta property=\"og:locale\" content=\"fr_FR\" \/>\n<meta property=\"og:type\" content=\"article\" \/>\n<meta property=\"og:title\" content=\"Les temps d&#039;accueil p\u00e9riscolaires - Ecole Maternelle Antoine Remond\" \/>\n<meta property=\"og:description\" content=\"Les temps p\u00e9riscolaires (accueil du matin, pause de midi ou m\u00e9ridienne, apr\u00e8s la classe et fin d\u2019apr\u00e8m, ateliers du mercredis) sont du ressort de la Ville De Lyon qui s\u2019appuie &hellip; Continuer la lecture de &laquo;&nbsp;Les temps d&rsquo;accueil p\u00e9riscolaires&nbsp;&raquo;\" \/>\n<meta property=\"og:url\" content=\"https:\/\/maternelle-antoine-remond-lyon.blog.ac-lyon.fr\/wordpress\/periscolaire\/\" \/>\n<meta property=\"og:site_name\" content=\"Ecole Maternelle Antoine Remond\" \/>\n<meta property=\"article:modified_time\" content=\"2022-06-21T14:01:03+00:00\" \/>\n<meta name=\"twitter:card\" content=\"summary_large_image\" \/>\n<meta name=\"twitter:label1\" content=\"Dur\u00e9e de lecture estim\u00e9e\" \/>\n\t<meta name=\"twitter:data1\" content=\"1 minute\" \/>\n<script type=\"application\/ld+json\" class=\"yoast-schema-graph\">{\"@context\":\"https:\/\/schema.org\",\"@graph\":[{\"@type\":\"WebPage\",\"@id\":\"https:\/\/maternelle-antoine-remond-lyon.blog.ac-lyon.fr\/wordpress\/periscolaire\/\",\"url\":\"https:\/\/maternelle-antoine-remond-lyon.blog.ac-lyon.fr\/wordpress\/periscolaire\/\",\"name\":\"Les temps d'accueil p\u00e9riscolaires - Ecole Maternelle Antoine Remond\",\"isPartOf\":{\"@id\":\"https:\/\/maternelle-antoine-remond-lyon.blog.ac-lyon.fr\/wordpress\/#website\"},\"datePublished\":\"2020-05-02T07:27:36+00:00\",\"dateModified\":\"2022-06-21T14:01:03+00:00\",\"breadcrumb\":{\"@id\":\"https:\/\/maternelle-antoine-remond-lyon.blog.ac-lyon.fr\/wordpress\/periscolaire\/#breadcrumb\"},\"inLanguage\":\"fr-FR\",\"potentialAction\":[{\"@type\":\"ReadAction\",\"target\":[\"https:\/\/maternelle-antoine-remond-lyon.blog.ac-lyon.fr\/wordpress\/periscolaire\/\"]}]},{\"@type\":\"BreadcrumbList\",\"@id\":\"https:\/\/maternelle-antoine-remond-lyon.blog.ac-lyon.fr\/wordpress\/periscolaire\/#breadcrumb\",\"itemListElement\":[{\"@type\":\"ListItem\",\"position\":1,\"name\":\"Accueil\",\"item\":\"https:\/\/maternelle-antoine-remond-lyon.blog.ac-lyon.fr\/wordpress\/\"},{\"@type\":\"ListItem\",\"position\":2,\"name\":\"Les temps d&#8217;accueil p\u00e9riscolaires\"}]},{\"@type\":\"WebSite\",\"@id\":\"https:\/\/maternelle-antoine-remond-lyon.blog.ac-lyon.fr\/wordpress\/#website\",\"url\":\"https:\/\/maternelle-antoine-remond-lyon.blog.ac-lyon.fr\/wordpress\/\",\"name\":\"Ecole Maternelle Antoine Remond\",\"description\":\"\",\"potentialAction\":[{\"@type\":\"SearchAction\",\"target\":{\"@type\":\"EntryPoint\",\"urlTemplate\":\"https:\/\/maternelle-antoine-remond-lyon.blog.ac-lyon.fr\/wordpress\/?s={search_term_string}\"},\"query-input\":{\"@type\":\"PropertyValueSpecification\",\"valueRequired\":true,\"valueName\":\"search_term_string\"}}],\"inLanguage\":\"fr-FR\"}]}<\/script>\n<!-- \/ Yoast SEO plugin. -->","yoast_head_json":{"title":"Les temps d'accueil p\u00e9riscolaires - Ecole Maternelle Antoine Remond","robots":{"index":"index","follow":"follow","max-snippet":"max-snippet:-1","max-image-preview":"max-image-preview:large","max-video-preview":"max-video-preview:-1"},"canonical":"https:\/\/maternelle-antoine-remond-lyon.blog.ac-lyon.fr\/wordpress\/periscolaire\/","og_locale":"fr_FR","og_type":"article","og_title":"Les temps d'accueil p\u00e9riscolaires - Ecole Maternelle Antoine Remond","og_description":"Les temps p\u00e9riscolaires (accueil du matin, pause de midi ou m\u00e9ridienne, apr\u00e8s la classe et fin d\u2019apr\u00e8m, ateliers du mercredis) sont du ressort de la Ville De Lyon qui s\u2019appuie &hellip; Continuer la lecture de &laquo;&nbsp;Les temps d&rsquo;accueil p\u00e9riscolaires&nbsp;&raquo;","og_url":"https:\/\/maternelle-antoine-remond-lyon.blog.ac-lyon.fr\/wordpress\/periscolaire\/","og_site_name":"Ecole Maternelle Antoine Remond","article_modified_time":"2022-06-21T14:01:03+00:00","twitter_card":"summary_large_image","twitter_misc":{"Dur\u00e9e de lecture estim\u00e9e":"1 minute"},"schema":{"@context":"https:\/\/schema.org","@graph":[{"@type":"WebPage","@id":"https:\/\/maternelle-antoine-remond-lyon.blog.ac-lyon.fr\/wordpress\/periscolaire\/","url":"https:\/\/maternelle-antoine-remond-lyon.blog.ac-lyon.fr\/wordpress\/periscolaire\/","name":"Les temps d'accueil p\u00e9riscolaires - Ecole Maternelle Antoine Remond","isPartOf":{"@id":"https:\/\/maternelle-antoine-remond-lyon.blog.ac-lyon.fr\/wordpress\/#website"},"datePublished":"2020-05-02T07:27:36+00:00","dateModified":"2022-06-21T14:01:03+00:00","breadcrumb":{"@id":"https:\/\/maternelle-antoine-remond-lyon.blog.ac-lyon.fr\/wordpress\/periscolaire\/#breadcrumb"},"inLanguage":"fr-FR","potentialAction":[{"@type":"ReadAction","target":["https:\/\/maternelle-antoine-remond-lyon.blog.ac-lyon.fr\/wordpress\/periscolaire\/"]}]},{"@type":"BreadcrumbList","@id":"https:\/\/maternelle-antoine-remond-lyon.blog.ac-lyon.fr\/wordpress\/periscolaire\/#breadcrumb","itemListElement":[{"@type":"ListItem","position":1,"name":"Accueil","item":"https:\/\/maternelle-antoine-remond-lyon.blog.ac-lyon.fr\/wordpress\/"},{"@type":"ListItem","position":2,"name":"Les temps d&#8217;accueil p\u00e9riscolaires"}]},{"@type":"WebSite","@id":"https:\/\/maternelle-antoine-remond-lyon.blog.ac-lyon.fr\/wordpress\/#website","url":"https:\/\/maternelle-antoine-remond-lyon.blog.ac-lyon.fr\/wordpress\/","name":"Ecole Maternelle Antoine Remond","description":"","potentialAction":[{"@type":"SearchAction","target":{"@type":"EntryPoint","urlTemplate":"https:\/\/maternelle-antoine-remond-lyon.blog.ac-lyon.fr\/wordpress\/?s={search_term_string}"},"query-input":{"@type":"PropertyValueSpecification","valueRequired":true,"valueName":"search_term_string"}}],"inLanguage":"fr-FR"}]}},"_links":{"self":[{"href":"https:\/\/maternelle-antoine-remond-lyon.blog.ac-lyon.fr\/wordpress\/wp-json\/wp\/v2\/pages\/345","targetHints":{"allow":["GET"]}}],"collection":[{"href":"https:\/\/maternelle-antoine-remond-lyon.blog.ac-lyon.fr\/wordpress\/wp-json\/wp\/v2\/pages"}],"about":[{"href":"https:\/\/maternelle-antoine-remond-lyon.blog.ac-lyon.fr\/wordpress\/wp-json\/wp\/v2\/types\/page"}],"author":[{"embeddable":true,"href":"https:\/\/maternelle-antoine-remond-lyon.blog.ac-lyon.fr\/wordpress\/wp-json\/wp\/v2\/users\/6"}],"replies":[{"embeddable":true,"href":"https:\/\/maternelle-antoine-remond-lyon.blog.ac-lyon.fr\/wordpress\/wp-json\/wp\/v2\/comments?post=345"}],"version-history":[{"count":4,"href":"https:\/\/maternelle-antoine-remond-lyon.blog.ac-lyon.fr\/wordpress\/wp-json\/wp\/v2\/pages\/345\/revisions"}],"predecessor-version":[{"id":542,"href":"https:\/\/maternelle-antoine-remond-lyon.blog.ac-lyon.fr\/wordpress\/wp-json\/wp\/v2\/pages\/345\/revisions\/542"}],"wp:attachment":[{"href":"https:\/\/maternelle-antoine-remond-lyon.blog.ac-lyon.fr\/wordpress\/wp-json\/wp\/v2\/media?parent=345"}],"curies":[{"name":"wp","href":"https:\/\/api.w.org\/{rel}","templated":true}]}}