{"id":347,"date":"2020-05-02T09:28:39","date_gmt":"2020-05-02T07:28:39","guid":{"rendered":"https:\/\/maternelle-antoine-remond-lyon.blog.ac-lyon.fr\/wordpress\/?page_id=347"},"modified":"2022-06-21T16:13:16","modified_gmt":"2022-06-21T14:13:16","slug":"ecole-maternelle","status":"publish","type":"page","link":"https:\/\/maternelle-antoine-remond-lyon.blog.ac-lyon.fr\/wordpress\/ecole-maternelle\/","title":{"rendered":"Les temps scolaires"},"content":{"rendered":"\n<p>\u00c9cole Maternelle Antoine R\u00e9mond&nbsp;&nbsp;<\/p>\n\n\n\n<p>60 rue Bellecombe&nbsp;&nbsp;<\/p>\n\n\n\n<p>69006 LYON&nbsp;<\/p>\n\n\n\n<p>Jours d\u2019\u00e9cole\u202f: Lundi, mardi, jeudi et vendredi&nbsp;<\/p>\n\n\n\n<p>Horaires\u202fouvertures des portes:&nbsp;&nbsp;<\/p>\n\n\n\n<p>Les horaires d\u2019accueil sont de 8h20 \u00e0 8h35, de 11h50 \u00e0 12h, et de 14h05 \u00e0 14h15, 16h35 \u00e0 16h45.&nbsp;<br>&nbsp;<br>Directrice\u202f: Leila PASQUALINI&nbsp;&nbsp;<\/p>\n\n\n\n<p>Adresse \u00e9lectronique: mat6.remond@mairie-lyon.fr&nbsp;&nbsp;<\/p>\n\n\n\n<p>T\u00e9l\u00e9phone: 04 78 24 57 01&nbsp;&nbsp;<\/p>\n\n\n\n<p>La directrice \u00e9tant \u00e9galement professeur des \u00e9coles dans une classe, elle ne r\u00e9pond pas au t\u00e9l\u00e9phone, un r\u00e9pondeur prendra les messages. Mme Pasqualini est d\u00e9charg\u00e9e de sa classe le jeudi, elle re\u00e7oit les parents sur rendez-vous de pr\u00e9f\u00e9rence ce jour-l\u00e0. La communication par e-mail est \u00e0 privil\u00e9gier notamment pour pr\u00e9venir des absences.&nbsp;<\/p>\n\n\n\n<p>Pour les absences pr\u00e9venir directement l\u2019enseignant de votre enfant par mail en mettant en copie la directrice.&nbsp;<\/p>\n\n\n\n<p>Une assurance scolaire responsabilit\u00e9 civile et individuelle accident est obligatoire en cas de sortie ( sortie \u00e0 la journ\u00e9e, sp\u00e9ctacle\u2026)&nbsp;<\/p>\n\n\n\n<p>Inscription scolaire\u202f: <a href=\"https:\/\/www.lyon.fr\/demarche\/vie-scolaire\/inscription-scolaire\" target=\"_blank\" rel=\"noreferrer noopener\">https:\/\/www.lyon.fr\/demarche\/vie-scolaire\/inscription-scolaire<\/a>&nbsp;&nbsp;<\/p>\n","protected":false},"excerpt":{"rendered":"<p>\u00c9cole Maternelle Antoine R\u00e9mond&nbsp;&nbsp; 60 rue Bellecombe&nbsp;&nbsp; 69006 LYON&nbsp; Jours d\u2019\u00e9cole\u202f: Lundi, mardi, jeudi et vendredi&nbsp; Horaires\u202fouvertures des portes:&nbsp;&nbsp; Les horaires d\u2019accueil sont de 8h20 \u00e0 8h35, de 11h50 \u00e0 &hellip; <\/p>\n<p class=\"link-more\"><a href=\"https:\/\/maternelle-antoine-remond-lyon.blog.ac-lyon.fr\/wordpress\/ecole-maternelle\/\" class=\"more-link\">Continuer la lecture<span class=\"screen-reader-text\"> de &laquo;&nbsp;Les temps scolaires&nbsp;&raquo;<\/span><\/a><\/p>\n","protected":false},"author":6,"featured_media":0,"parent":0,"menu_order":0,"comment_status":"closed","ping_status":"closed","template":"","meta":{"ngg_post_thumbnail":0,"_EventAllDay":false,"_EventTimezone":"","_EventStartDate":"","_EventEndDate":"","_EventStartDateUTC":"","_EventEndDateUTC":"","_EventShowMap":false,"_EventShowMapLink":false,"_EventURL":"","_EventCost":"","_EventCostDescription":"","_EventCurrencySymbol":"","_EventCurrencyCode":"","_EventCurrencyPosition":"","_EventDateTimeSeparator":"","_EventTimeRangeSeparator":"","_EventOrganizerID":[],"_EventVenueID":0,"_OrganizerEmail":"","_OrganizerPhone":"","_OrganizerWebsite":"","_VenueAddress":"","_VenueCity":"","_VenueCountry":"","_VenueProvince":"","_VenueZip":"","_VenuePhone":"","_VenueURL":"","_VenueStateProvince":"","_VenueLat":"","_VenueLng":"","footnotes":""},"class_list":["post-347","page","type-page","status-publish","hentry"],"yoast_head":"<!-- This site is optimized with the Yoast SEO plugin v24.9 - https:\/\/yoast.com\/wordpress\/plugins\/seo\/ -->\n<title>Les temps scolaires - Ecole Maternelle Antoine Remond<\/title>\n<meta name=\"robots\" content=\"index, follow, max-snippet:-1, max-image-preview:large, max-video-preview:-1\" \/>\n<link rel=\"canonical\" href=\"https:\/\/maternelle-antoine-remond-lyon.blog.ac-lyon.fr\/wordpress\/ecole-maternelle\/\" \/>\n<meta property=\"og:locale\" content=\"fr_FR\" \/>\n<meta property=\"og:type\" content=\"article\" \/>\n<meta property=\"og:title\" content=\"Les temps scolaires - Ecole Maternelle Antoine Remond\" \/>\n<meta property=\"og:description\" content=\"\u00c9cole Maternelle Antoine R\u00e9mond&nbsp;&nbsp; 60 rue Bellecombe&nbsp;&nbsp; 69006 LYON&nbsp; Jours d\u2019\u00e9cole\u202f: Lundi, mardi, jeudi et vendredi&nbsp; Horaires\u202fouvertures des portes:&nbsp;&nbsp; Les horaires d\u2019accueil sont de 8h20 \u00e0 8h35, de 11h50 \u00e0 &hellip; Continuer la lecture de &laquo;&nbsp;Les temps scolaires&nbsp;&raquo;\" \/>\n<meta property=\"og:url\" content=\"https:\/\/maternelle-antoine-remond-lyon.blog.ac-lyon.fr\/wordpress\/ecole-maternelle\/\" \/>\n<meta property=\"og:site_name\" content=\"Ecole Maternelle Antoine Remond\" \/>\n<meta property=\"article:modified_time\" content=\"2022-06-21T14:13:16+00:00\" \/>\n<meta name=\"twitter:card\" content=\"summary_large_image\" \/>\n<meta name=\"twitter:label1\" content=\"Dur\u00e9e de lecture estim\u00e9e\" \/>\n\t<meta name=\"twitter:data1\" content=\"1 minute\" \/>\n<script type=\"application\/ld+json\" class=\"yoast-schema-graph\">{\"@context\":\"https:\/\/schema.org\",\"@graph\":[{\"@type\":\"WebPage\",\"@id\":\"https:\/\/maternelle-antoine-remond-lyon.blog.ac-lyon.fr\/wordpress\/ecole-maternelle\/\",\"url\":\"https:\/\/maternelle-antoine-remond-lyon.blog.ac-lyon.fr\/wordpress\/ecole-maternelle\/\",\"name\":\"Les temps scolaires - Ecole Maternelle Antoine Remond\",\"isPartOf\":{\"@id\":\"https:\/\/maternelle-antoine-remond-lyon.blog.ac-lyon.fr\/wordpress\/#website\"},\"datePublished\":\"2020-05-02T07:28:39+00:00\",\"dateModified\":\"2022-06-21T14:13:16+00:00\",\"breadcrumb\":{\"@id\":\"https:\/\/maternelle-antoine-remond-lyon.blog.ac-lyon.fr\/wordpress\/ecole-maternelle\/#breadcrumb\"},\"inLanguage\":\"fr-FR\",\"potentialAction\":[{\"@type\":\"ReadAction\",\"target\":[\"https:\/\/maternelle-antoine-remond-lyon.blog.ac-lyon.fr\/wordpress\/ecole-maternelle\/\"]}]},{\"@type\":\"BreadcrumbList\",\"@id\":\"https:\/\/maternelle-antoine-remond-lyon.blog.ac-lyon.fr\/wordpress\/ecole-maternelle\/#breadcrumb\",\"itemListElement\":[{\"@type\":\"ListItem\",\"position\":1,\"name\":\"Accueil\",\"item\":\"https:\/\/maternelle-antoine-remond-lyon.blog.ac-lyon.fr\/wordpress\/\"},{\"@type\":\"ListItem\",\"position\":2,\"name\":\"Les temps scolaires\"}]},{\"@type\":\"WebSite\",\"@id\":\"https:\/\/maternelle-antoine-remond-lyon.blog.ac-lyon.fr\/wordpress\/#website\",\"url\":\"https:\/\/maternelle-antoine-remond-lyon.blog.ac-lyon.fr\/wordpress\/\",\"name\":\"Ecole Maternelle Antoine Remond\",\"description\":\"\",\"potentialAction\":[{\"@type\":\"SearchAction\",\"target\":{\"@type\":\"EntryPoint\",\"urlTemplate\":\"https:\/\/maternelle-antoine-remond-lyon.blog.ac-lyon.fr\/wordpress\/?s={search_term_string}\"},\"query-input\":{\"@type\":\"PropertyValueSpecification\",\"valueRequired\":true,\"valueName\":\"search_term_string\"}}],\"inLanguage\":\"fr-FR\"}]}<\/script>\n<!-- \/ Yoast SEO plugin. -->","yoast_head_json":{"title":"Les temps scolaires - Ecole Maternelle Antoine Remond","robots":{"index":"index","follow":"follow","max-snippet":"max-snippet:-1","max-image-preview":"max-image-preview:large","max-video-preview":"max-video-preview:-1"},"canonical":"https:\/\/maternelle-antoine-remond-lyon.blog.ac-lyon.fr\/wordpress\/ecole-maternelle\/","og_locale":"fr_FR","og_type":"article","og_title":"Les temps scolaires - Ecole Maternelle Antoine Remond","og_description":"\u00c9cole Maternelle Antoine R\u00e9mond&nbsp;&nbsp; 60 rue Bellecombe&nbsp;&nbsp; 69006 LYON&nbsp; Jours d\u2019\u00e9cole\u202f: Lundi, mardi, jeudi et vendredi&nbsp; Horaires\u202fouvertures des portes:&nbsp;&nbsp; Les horaires d\u2019accueil sont de 8h20 \u00e0 8h35, de 11h50 \u00e0 &hellip; Continuer la lecture de &laquo;&nbsp;Les temps scolaires&nbsp;&raquo;","og_url":"https:\/\/maternelle-antoine-remond-lyon.blog.ac-lyon.fr\/wordpress\/ecole-maternelle\/","og_site_name":"Ecole Maternelle Antoine Remond","article_modified_time":"2022-06-21T14:13:16+00:00","twitter_card":"summary_large_image","twitter_misc":{"Dur\u00e9e de lecture estim\u00e9e":"1 minute"},"schema":{"@context":"https:\/\/schema.org","@graph":[{"@type":"WebPage","@id":"https:\/\/maternelle-antoine-remond-lyon.blog.ac-lyon.fr\/wordpress\/ecole-maternelle\/","url":"https:\/\/maternelle-antoine-remond-lyon.blog.ac-lyon.fr\/wordpress\/ecole-maternelle\/","name":"Les temps scolaires - Ecole Maternelle Antoine Remond","isPartOf":{"@id":"https:\/\/maternelle-antoine-remond-lyon.blog.ac-lyon.fr\/wordpress\/#website"},"datePublished":"2020-05-02T07:28:39+00:00","dateModified":"2022-06-21T14:13:16+00:00","breadcrumb":{"@id":"https:\/\/maternelle-antoine-remond-lyon.blog.ac-lyon.fr\/wordpress\/ecole-maternelle\/#breadcrumb"},"inLanguage":"fr-FR","potentialAction":[{"@type":"ReadAction","target":["https:\/\/maternelle-antoine-remond-lyon.blog.ac-lyon.fr\/wordpress\/ecole-maternelle\/"]}]},{"@type":"BreadcrumbList","@id":"https:\/\/maternelle-antoine-remond-lyon.blog.ac-lyon.fr\/wordpress\/ecole-maternelle\/#breadcrumb","itemListElement":[{"@type":"ListItem","position":1,"name":"Accueil","item":"https:\/\/maternelle-antoine-remond-lyon.blog.ac-lyon.fr\/wordpress\/"},{"@type":"ListItem","position":2,"name":"Les temps scolaires"}]},{"@type":"WebSite","@id":"https:\/\/maternelle-antoine-remond-lyon.blog.ac-lyon.fr\/wordpress\/#website","url":"https:\/\/maternelle-antoine-remond-lyon.blog.ac-lyon.fr\/wordpress\/","name":"Ecole Maternelle Antoine Remond","description":"","potentialAction":[{"@type":"SearchAction","target":{"@type":"EntryPoint","urlTemplate":"https:\/\/maternelle-antoine-remond-lyon.blog.ac-lyon.fr\/wordpress\/?s={search_term_string}"},"query-input":{"@type":"PropertyValueSpecification","valueRequired":true,"valueName":"search_term_string"}}],"inLanguage":"fr-FR"}]}},"_links":{"self":[{"href":"https:\/\/maternelle-antoine-remond-lyon.blog.ac-lyon.fr\/wordpress\/wp-json\/wp\/v2\/pages\/347","targetHints":{"allow":["GET"]}}],"collection":[{"href":"https:\/\/maternelle-antoine-remond-lyon.blog.ac-lyon.fr\/wordpress\/wp-json\/wp\/v2\/pages"}],"about":[{"href":"https:\/\/maternelle-antoine-remond-lyon.blog.ac-lyon.fr\/wordpress\/wp-json\/wp\/v2\/types\/page"}],"author":[{"embeddable":true,"href":"https:\/\/maternelle-antoine-remond-lyon.blog.ac-lyon.fr\/wordpress\/wp-json\/wp\/v2\/users\/6"}],"replies":[{"embeddable":true,"href":"https:\/\/maternelle-antoine-remond-lyon.blog.ac-lyon.fr\/wordpress\/wp-json\/wp\/v2\/comments?post=347"}],"version-history":[{"count":5,"href":"https:\/\/maternelle-antoine-remond-lyon.blog.ac-lyon.fr\/wordpress\/wp-json\/wp\/v2\/pages\/347\/revisions"}],"predecessor-version":[{"id":546,"href":"https:\/\/maternelle-antoine-remond-lyon.blog.ac-lyon.fr\/wordpress\/wp-json\/wp\/v2\/pages\/347\/revisions\/546"}],"wp:attachment":[{"href":"https:\/\/maternelle-antoine-remond-lyon.blog.ac-lyon.fr\/wordpress\/wp-json\/wp\/v2\/media?parent=347"}],"curies":[{"name":"wp","href":"https:\/\/api.w.org\/{rel}","templated":true}]}}