{"id":449,"date":"2022-06-14T13:54:19","date_gmt":"2022-06-14T11:54:19","guid":{"rendered":"https:\/\/maternelle-antoine-remond-lyon.blog.ac-lyon.fr\/wordpress\/?page_id=449"},"modified":"2022-06-14T14:31:10","modified_gmt":"2022-06-14T12:31:10","slug":"histoire-de-lecole","status":"publish","type":"page","link":"https:\/\/maternelle-antoine-remond-lyon.blog.ac-lyon.fr\/wordpress\/presentation-ecole-et-equipe\/histoire-de-lecole\/","title":{"rendered":"Histoire de l\u2019\u00e9cole"},"content":{"rendered":"\n<p>Ecole construite en 1904\u00a0<\/p>\n\n\n\n<p>Architecte(s) : Nicolas Vernon&nbsp;&nbsp;<\/p>\n\n\n\n<p>Chantier : 1897-1904&nbsp;<\/p>\n\n\n\n<p>Nombre de classes \u00e0 l\u2019ouverture : 2 classes de gar\u00e7ons et 2 classes de filles<\/p>\n\n\n\n<p>Anciennement : groupe scolaire de la Buanderie\u00a0<\/p>\n\n\n\n<p>Antoine R\u00e9mond\u202f: Bienfaiteur des Hospices civils de Lyon. Il l\u00e9gue 43 hectares de terrains agricoles avec obligation de cr\u00e9er une nourricerie portant le nom d\u2019Antoinette -Blanche R\u00e9mond, sa ni\u00e8ce et filleule.&nbsp;<\/p>\n","protected":false},"excerpt":{"rendered":"<p>Ecole construite en 1904\u00a0 Architecte(s) : Nicolas Vernon&nbsp;&nbsp; Chantier : 1897-1904&nbsp; Nombre de classes \u00e0 l\u2019ouverture : 2 classes de gar\u00e7ons et 2 classes de filles Anciennement : groupe scolaire &hellip; <\/p>\n<p class=\"link-more\"><a href=\"https:\/\/maternelle-antoine-remond-lyon.blog.ac-lyon.fr\/wordpress\/presentation-ecole-et-equipe\/histoire-de-lecole\/\" class=\"more-link\">Continuer la lecture<span class=\"screen-reader-text\"> de &laquo;&nbsp;Histoire de l\u2019\u00e9cole&nbsp;&raquo;<\/span><\/a><\/p>\n","protected":false},"author":17,"featured_media":0,"parent":446,"menu_order":0,"comment_status":"closed","ping_status":"closed","template":"","meta":{"ngg_post_thumbnail":0,"_EventAllDay":false,"_EventTimezone":"","_EventStartDate":"","_EventEndDate":"","_EventStartDateUTC":"","_EventEndDateUTC":"","_EventShowMap":false,"_EventShowMapLink":false,"_EventURL":"","_EventCost":"","_EventCostDescription":"","_EventCurrencySymbol":"","_EventCurrencyCode":"","_EventCurrencyPosition":"","_EventDateTimeSeparator":"","_EventTimeRangeSeparator":"","_EventOrganizerID":[],"_EventVenueID":0,"_OrganizerEmail":"","_OrganizerPhone":"","_OrganizerWebsite":"","_VenueAddress":"","_VenueCity":"","_VenueCountry":"","_VenueProvince":"","_VenueZip":"","_VenuePhone":"","_VenueURL":"","_VenueStateProvince":"","_VenueLat":"","_VenueLng":"","footnotes":""},"class_list":["post-449","page","type-page","status-publish","hentry"],"yoast_head":"<!-- This site is optimized with the Yoast SEO plugin v24.9 - https:\/\/yoast.com\/wordpress\/plugins\/seo\/ -->\n<title>Histoire de l\u2019\u00e9cole - Ecole Maternelle Antoine Remond<\/title>\n<meta name=\"robots\" content=\"index, follow, max-snippet:-1, max-image-preview:large, max-video-preview:-1\" \/>\n<link rel=\"canonical\" href=\"https:\/\/maternelle-antoine-remond-lyon.blog.ac-lyon.fr\/wordpress\/presentation-ecole-et-equipe\/histoire-de-lecole\/\" \/>\n<meta property=\"og:locale\" content=\"fr_FR\" \/>\n<meta property=\"og:type\" content=\"article\" \/>\n<meta property=\"og:title\" content=\"Histoire de l\u2019\u00e9cole - Ecole Maternelle Antoine Remond\" \/>\n<meta property=\"og:description\" content=\"Ecole construite en 1904\u00a0 Architecte(s) : Nicolas Vernon&nbsp;&nbsp; Chantier : 1897-1904&nbsp; Nombre de classes \u00e0 l\u2019ouverture : 2 classes de gar\u00e7ons et 2 classes de filles Anciennement : groupe scolaire &hellip; Continuer la lecture de &laquo;&nbsp;Histoire de l\u2019\u00e9cole&nbsp;&raquo;\" \/>\n<meta property=\"og:url\" content=\"https:\/\/maternelle-antoine-remond-lyon.blog.ac-lyon.fr\/wordpress\/presentation-ecole-et-equipe\/histoire-de-lecole\/\" \/>\n<meta property=\"og:site_name\" content=\"Ecole Maternelle Antoine Remond\" \/>\n<meta property=\"article:modified_time\" content=\"2022-06-14T12:31:10+00:00\" \/>\n<meta name=\"twitter:card\" content=\"summary_large_image\" \/>\n<meta name=\"twitter:label1\" content=\"Dur\u00e9e de lecture estim\u00e9e\" \/>\n\t<meta name=\"twitter:data1\" content=\"1 minute\" \/>\n<script type=\"application\/ld+json\" class=\"yoast-schema-graph\">{\"@context\":\"https:\/\/schema.org\",\"@graph\":[{\"@type\":\"WebPage\",\"@id\":\"https:\/\/maternelle-antoine-remond-lyon.blog.ac-lyon.fr\/wordpress\/presentation-ecole-et-equipe\/histoire-de-lecole\/\",\"url\":\"https:\/\/maternelle-antoine-remond-lyon.blog.ac-lyon.fr\/wordpress\/presentation-ecole-et-equipe\/histoire-de-lecole\/\",\"name\":\"Histoire de l\u2019\u00e9cole - Ecole Maternelle Antoine Remond\",\"isPartOf\":{\"@id\":\"https:\/\/maternelle-antoine-remond-lyon.blog.ac-lyon.fr\/wordpress\/#website\"},\"datePublished\":\"2022-06-14T11:54:19+00:00\",\"dateModified\":\"2022-06-14T12:31:10+00:00\",\"breadcrumb\":{\"@id\":\"https:\/\/maternelle-antoine-remond-lyon.blog.ac-lyon.fr\/wordpress\/presentation-ecole-et-equipe\/histoire-de-lecole\/#breadcrumb\"},\"inLanguage\":\"fr-FR\",\"potentialAction\":[{\"@type\":\"ReadAction\",\"target\":[\"https:\/\/maternelle-antoine-remond-lyon.blog.ac-lyon.fr\/wordpress\/presentation-ecole-et-equipe\/histoire-de-lecole\/\"]}]},{\"@type\":\"BreadcrumbList\",\"@id\":\"https:\/\/maternelle-antoine-remond-lyon.blog.ac-lyon.fr\/wordpress\/presentation-ecole-et-equipe\/histoire-de-lecole\/#breadcrumb\",\"itemListElement\":[{\"@type\":\"ListItem\",\"position\":1,\"name\":\"Accueil\",\"item\":\"https:\/\/maternelle-antoine-remond-lyon.blog.ac-lyon.fr\/wordpress\/\"},{\"@type\":\"ListItem\",\"position\":2,\"name\":\"Pr\u00e9sentation \u00e9cole et \u00e9quipe\",\"item\":\"https:\/\/maternelle-antoine-remond-lyon.blog.ac-lyon.fr\/wordpress\/presentation-ecole-et-equipe\/\"},{\"@type\":\"ListItem\",\"position\":3,\"name\":\"Histoire de l\u2019\u00e9cole\"}]},{\"@type\":\"WebSite\",\"@id\":\"https:\/\/maternelle-antoine-remond-lyon.blog.ac-lyon.fr\/wordpress\/#website\",\"url\":\"https:\/\/maternelle-antoine-remond-lyon.blog.ac-lyon.fr\/wordpress\/\",\"name\":\"Ecole Maternelle Antoine Remond\",\"description\":\"\",\"potentialAction\":[{\"@type\":\"SearchAction\",\"target\":{\"@type\":\"EntryPoint\",\"urlTemplate\":\"https:\/\/maternelle-antoine-remond-lyon.blog.ac-lyon.fr\/wordpress\/?s={search_term_string}\"},\"query-input\":{\"@type\":\"PropertyValueSpecification\",\"valueRequired\":true,\"valueName\":\"search_term_string\"}}],\"inLanguage\":\"fr-FR\"}]}<\/script>\n<!-- \/ Yoast SEO plugin. -->","yoast_head_json":{"title":"Histoire de l\u2019\u00e9cole - Ecole Maternelle Antoine Remond","robots":{"index":"index","follow":"follow","max-snippet":"max-snippet:-1","max-image-preview":"max-image-preview:large","max-video-preview":"max-video-preview:-1"},"canonical":"https:\/\/maternelle-antoine-remond-lyon.blog.ac-lyon.fr\/wordpress\/presentation-ecole-et-equipe\/histoire-de-lecole\/","og_locale":"fr_FR","og_type":"article","og_title":"Histoire de l\u2019\u00e9cole - Ecole Maternelle Antoine Remond","og_description":"Ecole construite en 1904\u00a0 Architecte(s) : Nicolas Vernon&nbsp;&nbsp; Chantier : 1897-1904&nbsp; Nombre de classes \u00e0 l\u2019ouverture : 2 classes de gar\u00e7ons et 2 classes de filles Anciennement : groupe scolaire &hellip; Continuer la lecture de &laquo;&nbsp;Histoire de l\u2019\u00e9cole&nbsp;&raquo;","og_url":"https:\/\/maternelle-antoine-remond-lyon.blog.ac-lyon.fr\/wordpress\/presentation-ecole-et-equipe\/histoire-de-lecole\/","og_site_name":"Ecole Maternelle Antoine Remond","article_modified_time":"2022-06-14T12:31:10+00:00","twitter_card":"summary_large_image","twitter_misc":{"Dur\u00e9e de lecture estim\u00e9e":"1 minute"},"schema":{"@context":"https:\/\/schema.org","@graph":[{"@type":"WebPage","@id":"https:\/\/maternelle-antoine-remond-lyon.blog.ac-lyon.fr\/wordpress\/presentation-ecole-et-equipe\/histoire-de-lecole\/","url":"https:\/\/maternelle-antoine-remond-lyon.blog.ac-lyon.fr\/wordpress\/presentation-ecole-et-equipe\/histoire-de-lecole\/","name":"Histoire de l\u2019\u00e9cole - Ecole Maternelle Antoine Remond","isPartOf":{"@id":"https:\/\/maternelle-antoine-remond-lyon.blog.ac-lyon.fr\/wordpress\/#website"},"datePublished":"2022-06-14T11:54:19+00:00","dateModified":"2022-06-14T12:31:10+00:00","breadcrumb":{"@id":"https:\/\/maternelle-antoine-remond-lyon.blog.ac-lyon.fr\/wordpress\/presentation-ecole-et-equipe\/histoire-de-lecole\/#breadcrumb"},"inLanguage":"fr-FR","potentialAction":[{"@type":"ReadAction","target":["https:\/\/maternelle-antoine-remond-lyon.blog.ac-lyon.fr\/wordpress\/presentation-ecole-et-equipe\/histoire-de-lecole\/"]}]},{"@type":"BreadcrumbList","@id":"https:\/\/maternelle-antoine-remond-lyon.blog.ac-lyon.fr\/wordpress\/presentation-ecole-et-equipe\/histoire-de-lecole\/#breadcrumb","itemListElement":[{"@type":"ListItem","position":1,"name":"Accueil","item":"https:\/\/maternelle-antoine-remond-lyon.blog.ac-lyon.fr\/wordpress\/"},{"@type":"ListItem","position":2,"name":"Pr\u00e9sentation \u00e9cole et \u00e9quipe","item":"https:\/\/maternelle-antoine-remond-lyon.blog.ac-lyon.fr\/wordpress\/presentation-ecole-et-equipe\/"},{"@type":"ListItem","position":3,"name":"Histoire de l\u2019\u00e9cole"}]},{"@type":"WebSite","@id":"https:\/\/maternelle-antoine-remond-lyon.blog.ac-lyon.fr\/wordpress\/#website","url":"https:\/\/maternelle-antoine-remond-lyon.blog.ac-lyon.fr\/wordpress\/","name":"Ecole Maternelle Antoine Remond","description":"","potentialAction":[{"@type":"SearchAction","target":{"@type":"EntryPoint","urlTemplate":"https:\/\/maternelle-antoine-remond-lyon.blog.ac-lyon.fr\/wordpress\/?s={search_term_string}"},"query-input":{"@type":"PropertyValueSpecification","valueRequired":true,"valueName":"search_term_string"}}],"inLanguage":"fr-FR"}]}},"_links":{"self":[{"href":"https:\/\/maternelle-antoine-remond-lyon.blog.ac-lyon.fr\/wordpress\/wp-json\/wp\/v2\/pages\/449","targetHints":{"allow":["GET"]}}],"collection":[{"href":"https:\/\/maternelle-antoine-remond-lyon.blog.ac-lyon.fr\/wordpress\/wp-json\/wp\/v2\/pages"}],"about":[{"href":"https:\/\/maternelle-antoine-remond-lyon.blog.ac-lyon.fr\/wordpress\/wp-json\/wp\/v2\/types\/page"}],"author":[{"embeddable":true,"href":"https:\/\/maternelle-antoine-remond-lyon.blog.ac-lyon.fr\/wordpress\/wp-json\/wp\/v2\/users\/17"}],"replies":[{"embeddable":true,"href":"https:\/\/maternelle-antoine-remond-lyon.blog.ac-lyon.fr\/wordpress\/wp-json\/wp\/v2\/comments?post=449"}],"version-history":[{"count":4,"href":"https:\/\/maternelle-antoine-remond-lyon.blog.ac-lyon.fr\/wordpress\/wp-json\/wp\/v2\/pages\/449\/revisions"}],"predecessor-version":[{"id":496,"href":"https:\/\/maternelle-antoine-remond-lyon.blog.ac-lyon.fr\/wordpress\/wp-json\/wp\/v2\/pages\/449\/revisions\/496"}],"up":[{"embeddable":true,"href":"https:\/\/maternelle-antoine-remond-lyon.blog.ac-lyon.fr\/wordpress\/wp-json\/wp\/v2\/pages\/446"}],"wp:attachment":[{"href":"https:\/\/maternelle-antoine-remond-lyon.blog.ac-lyon.fr\/wordpress\/wp-json\/wp\/v2\/media?parent=449"}],"curies":[{"name":"wp","href":"https:\/\/api.w.org\/{rel}","templated":true}]}}