{"id":476,"date":"2022-06-14T14:18:14","date_gmt":"2022-06-14T12:18:14","guid":{"rendered":"https:\/\/maternelle-antoine-remond-lyon.blog.ac-lyon.fr\/wordpress\/?page_id=476"},"modified":"2022-06-22T14:15:00","modified_gmt":"2022-06-22T12:15:00","slug":"les-differents-acteurs-de-lecole","status":"publish","type":"page","link":"https:\/\/maternelle-antoine-remond-lyon.blog.ac-lyon.fr\/wordpress\/les-differents-acteurs-de-lecole\/","title":{"rendered":"Autres acteurs de l\u2019\u00e9cole\u00a0"},"content":{"rendered":"\n<p><strong><mark style=\"background-color:rgba(0, 0, 0, 0)\" class=\"has-inline-color has-vivid-cyan-blue-color\">Association Com\u2019expression :<\/mark>\u00a0<\/strong>\u00a0<\/p>\n\n\n\n<p>Com\u2019expression est une association d\u2019\u00e9ducation populaire, de loi 1901 qui a un partenariat avec la Ville de Lyon, et dont le but est de participer \u00e0 la formation de citoyens \u00e9panouis, libres et autonomes, actifs et responsables d\u2019une d\u00e9mocratie vivante, capables de prendre place dans la soci\u00e9t\u00e9 et de devenir des acteurs de leur propre \u00e9volution.&nbsp;<\/p>\n\n\n\n<p>Com\u2019expression exerce plusieurs types d\u2019activit\u00e9s distinctes&nbsp;:&nbsp;<\/p>\n\n\n\n<ul class=\"wp-block-list\"><li>Un accueil de Loisirs p\u00e9riscolaire \u00a0<\/li><li>Un Accueil de Loisirs Mercredi\/vacances\u00a0<\/li><li>Des Ev\u00e8nements citoyens\u00a0<\/li><\/ul>\n\n\n\n<p><a href=\"https:\/\/www.comexpression.com\/\">https:\/\/www.comexpression.com\/<\/a> et <a href=\"https:\/\/www.facebook.com\/ComExpression\/\">https:\/\/www.facebook.com\/ComExpression\/<\/a><\/p>\n\n\n\n<hr class=\"wp-block-separator has-alpha-channel-opacity\"\/>\n\n\n\n<p><mark style=\"background-color:rgba(0, 0, 0, 0)\" class=\"has-inline-color has-vivid-cyan-blue-color\"><strong>L\u2019\u00e9quipe m\u00e9dico-sociale\u202f:<\/strong>\u00a0<\/mark><\/p>\n\n\n\n<p>A Lyon, une \u00e9quipe m\u00e9dico-sociale\u202fcompos\u00e9e de m\u00e9decins,&nbsp; infirmier\u00b7\u00e8re\u00b7s et&nbsp; assistant\u00b7e\u00b7s sociaux\u00b7ales intervient dans les \u00e9coles, de la grande section de maternelle au CM2.&nbsp;<\/p>\n\n\n\n<p>Attentive au bon d\u00e9veloppement de l&rsquo;enfant, \u00e0 sa r\u00e9ussite et \u00e0 sa sant\u00e9, elle a plusieurs niveaux d&rsquo;intervention : le d\u00e9pistage notamment lors des visites m\u00e9dicales, le suivi de la scolarit\u00e9 et l&rsquo;accompagnement social, mais aussi l&rsquo;\u00e9ducation pour la sant\u00e9 avec les enseignants.&nbsp;&nbsp;<\/p>\n\n\n\n<p>L\u2019\u00e9quipe m\u00e9dico-sociale peut \u00eatre contact\u00e9e directement par les parents.&nbsp;<\/p>\n\n\n\n<p>La PMI (Protection Maternelle et Infantile) s\u2019occupe des PS\/MS :\u00a0<\/p>\n\n\n\n<p><strong>Infirmi\u00e8re pu\u00e9ricultrice PMI (PS\/MS) :<\/strong> Mme Charrion Virginie &#8211; 04 72 69 56 30 &#8211; MDMS Foch (Maison De la M\u00e9tropole pour les Solidarit\u00e9s)\u00a0\u00a0<\/p>\n\n\n\n<p>Le m\u00e9decin ou l\u2019infirmi\u00e8re scolaire s\u2019occupe des GS ainsi que des PAI (= Projet d&rsquo;Accueil Individualis\u00e9, par exemple allergies alimentaires\/cantine).\u00a0\u00a0<\/p>\n\n\n\n<p><strong>Infirmi\u00e8re scolaire (GS &amp; PAI) :<\/strong> Mme Aur\u00e9lie Lafaye &#8211; 06 98 42 55 70 &#8211; aurelie.lafaye@mairie-lyon.fr\u00a0\u00a0<\/p>\n\n\n\n<p><strong>Assistante sociale : <\/strong>Mme Sandrine Chalacon &#8211; 06 98 4893 39\u00a0\u00a0<\/p>\n\n\n\n<hr class=\"wp-block-separator has-alpha-channel-opacity\"\/>\n\n\n\n<p><mark style=\"background-color:rgba(0, 0, 0, 0)\" class=\"has-inline-color has-vivid-cyan-blue-color\"><strong>RASED (R\u00e9seau d\u2019Aide Sp\u00e9cialis\u00e9e aux Enfants en Difficult\u00e9) :<\/strong>\u00a0<\/mark><\/p>\n\n\n\n<p>Il n\u2019intervient qu\u2019avec l\u2019accord pr\u00e9alable des parents.&nbsp;&nbsp;&nbsp;<\/p>\n\n\n\n<p><strong>Psychologue scolaire :\u00a0\u00a0<\/strong><\/p>\n\n\n\n<p><strong>Ma\u00eetre G : <\/strong>Contact et r\u00f4le \u00e0 compl\u00e9ter\u00a0<\/p>\n\n\n\n<p><strong>Ma\u00eetre ? :\u00a0<\/strong><\/p>\n\n\n\n<hr class=\"wp-block-separator has-alpha-channel-opacity\"\/>\n\n\n\n<p><mark style=\"background-color:rgba(0, 0, 0, 0)\" class=\"has-inline-color has-vivid-cyan-blue-color\"><strong>AESH (Accompagnant d&rsquo;\u00c9l\u00e8ve en Situation de Handicap) :<\/strong>\u00a0<\/mark><\/p>\n\n\n\n<p>Ils aident les enfants aux besoins particuliers par exemple \u00e0 gagner en autonomie dans les gestes quotidiens.\u00a0\u00a0<\/p>\n\n\n\n<hr class=\"wp-block-separator has-alpha-channel-opacity\"\/>\n\n\n\n<p><mark style=\"background-color:rgba(0, 0, 0, 0)\" class=\"has-inline-color has-vivid-cyan-blue-color\"><strong>Les repr\u00e9sentants des parents d\u2019\u00e9l\u00e8ves<\/strong>\u202f:\u00a0<\/mark><\/p>\n\n\n\n<p>Les repr\u00e9sentants de parents d\u2019\u00e9l\u00e8ves peuvent \u00eatre au nombre de 7 titulaires + 7 suppl\u00e9ants pour l\u2019\u00e9cole maternelle Antoine R\u00e9mond (1 titulaire + 1 suppl\u00e9ant par classe).\u202f\u202f\u00a0<\/p>\n\n\n\n<p>Ils sont \u00e0 l\u2019\u00e9coute des parents et peuvent intervenir aupr\u00e8s des diff\u00e9rents acteurs autour de l\u2019\u00e9cole pour \u00e9voquer un probl\u00e8me particulier et sont tenus \u00e0 garder confidentiel toute information \u00e0 caract\u00e8re personnel (<a href=\"https:\/\/www.education.gouv.fr\/bo\/2006\/31\/MENE0601820D.htm\" target=\"_blank\" rel=\"noreferrer noopener\">article D.111-11 du code de l\u2019\u00e9ducation<\/a>).\u202fIls sont notamment en charge d\u2019\u00e9pauler l\u2019\u00e9quipe \u00e9ducative pour les demandes de travaux.\u202f\u00a0<\/p>\n\n\n\n<p>Repr\u00e9sentants des parents pour les \u00e9coles maternelle et \u00e9l\u00e9mentaire Antoine R\u00e9mond depuis 2009, <mark style=\"background-color:rgba(0, 0, 0, 0)\" class=\"has-inline-color has-vivid-cyan-blue-color\"><strong>l\u2019association LEDA<\/strong> <strong>(Les Enfants D\u2019Abord)<\/strong><\/mark> est une association de parents d\u2019\u00e9l\u00e8ves ind\u00e9pendante, apolitique et gratuite. L\u2019association LEDA ne g\u00e8re aucun budget.\u202f\u202f\u00a0<\/p>\n\n\n\n<p>Si vous souhaitez entrer en contact avec les repr\u00e9sentants des parents d\u2019\u00e9l\u00e8ves ou si vous voulez devenir repr\u00e9sentants des parents d\u2019\u00e9l\u00e8ves de L\u2019association LEDA vous pouvez les contacter par email\u202f\u00e0 <a href=\"mailto:leda.maternelle@gmail.com%E2%80%AF\" target=\"_blank\" rel=\"noreferrer noopener\">leda.maternelle@gmail.com\u202f<\/a> ou sur Facebook\u202f\u00e0 <a href=\"https:\/\/www.facebook.com\/lesenfantsdabordaremond\/\" target=\"_blank\" rel=\"noreferrer noopener\">https:\/\/www.facebook.com\/lesenfantsdabordaremond\/<\/a>\u202f.\u00a0<\/p>\n\n\n\n<hr class=\"wp-block-separator has-alpha-channel-opacity\"\/>\n\n\n\n<p><strong><mark style=\"background-color:rgba(0, 0, 0, 0)\" class=\"has-inline-color has-vivid-cyan-blue-color\">Le CFAR (Comit\u00e9 des F\u00eates de l&rsquo;\u00e9cole Antoine R\u00e9mond) :<\/mark><\/strong>\u00a0<\/p>\n\n\n\n<p>Le CFAR est une association ind\u00e9pendante, loi 1901, g\u00e9r\u00e9e par des parents b\u00e9n\u00e9voles. Elle a pour\u00a0but de\u00a0cr\u00e9er des \u00e9v\u00e9nements conviviaux pour les enfants et les parents qui servent \u00e0 r\u00e9colter des fonds pour financer des projets des 2 \u00e9coles (maternelle et \u00e9l\u00e9mentaire). Ces \u00e9v\u00e8nements sont par exemple la vente de g\u00e2teaux \u00e0 la sortie de l&rsquo;\u00e9cole, des ventes d&rsquo;objets personnalis\u00e9s avec les dessins des enfants, le march\u00e9 de No\u00ebl, des ventes en collaboration avec des acteurs locaux (bulbes et articles de jardinage, chocolat\u2026), la bourse aux livres, la f\u00eate de l&rsquo;\u00e9cole en fin d&rsquo;ann\u00e9e etc&#8230;\u00a0<\/p>\n\n\n\n<p>Puis chaque ann\u00e9e, le CFAR, apr\u00e8s consultation des \u00e9quipes enseignantes, d\u00e9cide des financements de projets en fonction des possibilit\u00e9s financi\u00e8res du CFAR. Ces projets sont par exemple la classe d\u00e9couverte, les sorties cin\u00e9ma\/spectacles, des bulbes pour le jardin partag\u00e9, des livres, des jeux pour la cour, du mat\u00e9riel pour les classes&#8230;&nbsp;&nbsp;<\/p>\n\n\n\n<p>Le CFAR a besoin d&rsquo;aide ponctuelle ou r\u00e9guli\u00e8re pour l&rsquo;organisation de tous les \u00e9v\u00e8nements.\u00a0Comment puis-je participer ? C\u2019est tr\u00e8s simple il vous suffit d\u2019envoyer un mail \u00e0 <a href=\"mailto:comite.antoine.remond@gmail.com\" target=\"_blank\" rel=\"noreferrer noopener\">comite.antoine.remond@gmail.com<\/a> pour vous inscrire \u00e0 la mailing list du CFAR. Ou de vous abonner sur Facebook \u00e0 <a href=\"https:\/\/www.facebook.com\/Comite.Fetes.Antoine.Remond\/\" target=\"_blank\" rel=\"noreferrer noopener\">https:\/\/www.facebook.com\/Comite.Fetes.Antoine.Remond\/.<\/a> Ainsi vous recevrez les actualit\u00e9s de l\u2019association (infos \u00e9v\u00e8nements, dates des r\u00e9unions ect). \u00a0<\/p>\n\n\n\n<hr class=\"wp-block-separator aligncenter has-alpha-channel-opacity\"\/>\n\n\n\n<p><mark style=\"background-color:rgba(0, 0, 0, 0)\" class=\"has-inline-color has-vivid-cyan-blue-color\"><strong>L\u2019OCCE :<\/strong>\u00a0<\/mark><\/p>\n\n\n\n<hr class=\"wp-block-separator has-alpha-channel-opacity\"\/>\n\n\n\n<p><mark style=\"background-color:rgba(0, 0, 0, 0)\" class=\"has-inline-color has-vivid-cyan-blue-color\"><strong>L\u2019\u00e9quipe cantine :<\/strong>\u00a0<\/mark><\/p>\n\n\n\n<hr class=\"wp-block-separator has-alpha-channel-opacity\"\/>\n\n\n\n<p><mark style=\"background-color:rgba(0, 0, 0, 0)\" class=\"has-inline-color has-vivid-cyan-blue-color\"><strong>L\u2019\u00e9quipe d\u2019entretien :<\/strong>\u00a0<\/mark><\/p>\n\n\n\n<p><\/p>\n","protected":false},"excerpt":{"rendered":"<p>Association Com\u2019expression :\u00a0\u00a0 Com\u2019expression est une association d\u2019\u00e9ducation populaire, de loi 1901 qui a un partenariat avec la Ville de Lyon, et dont le but est de participer \u00e0 la &hellip; <\/p>\n<p class=\"link-more\"><a href=\"https:\/\/maternelle-antoine-remond-lyon.blog.ac-lyon.fr\/wordpress\/les-differents-acteurs-de-lecole\/\" class=\"more-link\">Continuer la lecture<span class=\"screen-reader-text\"> de &laquo;&nbsp;Autres acteurs de l\u2019\u00e9cole\u00a0&nbsp;&raquo;<\/span><\/a><\/p>\n","protected":false},"author":17,"featured_media":0,"parent":0,"menu_order":0,"comment_status":"closed","ping_status":"closed","template":"","meta":{"ngg_post_thumbnail":0,"_EventAllDay":false,"_EventTimezone":"","_EventStartDate":"","_EventEndDate":"","_EventStartDateUTC":"","_EventEndDateUTC":"","_EventShowMap":false,"_EventShowMapLink":false,"_EventURL":"","_EventCost":"","_EventCostDescription":"","_EventCurrencySymbol":"","_EventCurrencyCode":"","_EventCurrencyPosition":"","_EventDateTimeSeparator":"","_EventTimeRangeSeparator":"","_EventOrganizerID":[],"_EventVenueID":0,"_OrganizerEmail":"","_OrganizerPhone":"","_OrganizerWebsite":"","_VenueAddress":"","_VenueCity":"","_VenueCountry":"","_VenueProvince":"","_VenueZip":"","_VenuePhone":"","_VenueURL":"","_VenueStateProvince":"","_VenueLat":"","_VenueLng":"","footnotes":""},"class_list":["post-476","page","type-page","status-publish","hentry"],"yoast_head":"<!-- This site is optimized with the Yoast SEO plugin v24.9 - https:\/\/yoast.com\/wordpress\/plugins\/seo\/ -->\n<title>Autres acteurs de l\u2019\u00e9cole\u00a0 - Ecole Maternelle Antoine Remond<\/title>\n<meta name=\"robots\" content=\"index, follow, max-snippet:-1, max-image-preview:large, max-video-preview:-1\" \/>\n<link rel=\"canonical\" href=\"https:\/\/maternelle-antoine-remond-lyon.blog.ac-lyon.fr\/wordpress\/les-differents-acteurs-de-lecole\/\" \/>\n<meta property=\"og:locale\" content=\"fr_FR\" \/>\n<meta property=\"og:type\" content=\"article\" \/>\n<meta property=\"og:title\" content=\"Autres acteurs de l\u2019\u00e9cole\u00a0 - Ecole Maternelle Antoine Remond\" \/>\n<meta property=\"og:description\" content=\"Association Com\u2019expression :\u00a0\u00a0 Com\u2019expression est une association d\u2019\u00e9ducation populaire, de loi 1901 qui a un partenariat avec la Ville de Lyon, et dont le but est de participer \u00e0 la &hellip; Continuer la lecture de &laquo;&nbsp;Autres acteurs de l\u2019\u00e9cole\u00a0&nbsp;&raquo;\" \/>\n<meta property=\"og:url\" content=\"https:\/\/maternelle-antoine-remond-lyon.blog.ac-lyon.fr\/wordpress\/les-differents-acteurs-de-lecole\/\" \/>\n<meta property=\"og:site_name\" content=\"Ecole Maternelle Antoine Remond\" \/>\n<meta property=\"article:modified_time\" content=\"2022-06-22T12:15:00+00:00\" \/>\n<meta name=\"twitter:card\" content=\"summary_large_image\" \/>\n<meta name=\"twitter:label1\" content=\"Dur\u00e9e de lecture estim\u00e9e\" \/>\n\t<meta name=\"twitter:data1\" content=\"4 minutes\" \/>\n<script type=\"application\/ld+json\" class=\"yoast-schema-graph\">{\"@context\":\"https:\/\/schema.org\",\"@graph\":[{\"@type\":\"WebPage\",\"@id\":\"https:\/\/maternelle-antoine-remond-lyon.blog.ac-lyon.fr\/wordpress\/les-differents-acteurs-de-lecole\/\",\"url\":\"https:\/\/maternelle-antoine-remond-lyon.blog.ac-lyon.fr\/wordpress\/les-differents-acteurs-de-lecole\/\",\"name\":\"Autres acteurs de l\u2019\u00e9cole\u00a0 - Ecole Maternelle Antoine Remond\",\"isPartOf\":{\"@id\":\"https:\/\/maternelle-antoine-remond-lyon.blog.ac-lyon.fr\/wordpress\/#website\"},\"datePublished\":\"2022-06-14T12:18:14+00:00\",\"dateModified\":\"2022-06-22T12:15:00+00:00\",\"breadcrumb\":{\"@id\":\"https:\/\/maternelle-antoine-remond-lyon.blog.ac-lyon.fr\/wordpress\/les-differents-acteurs-de-lecole\/#breadcrumb\"},\"inLanguage\":\"fr-FR\",\"potentialAction\":[{\"@type\":\"ReadAction\",\"target\":[\"https:\/\/maternelle-antoine-remond-lyon.blog.ac-lyon.fr\/wordpress\/les-differents-acteurs-de-lecole\/\"]}]},{\"@type\":\"BreadcrumbList\",\"@id\":\"https:\/\/maternelle-antoine-remond-lyon.blog.ac-lyon.fr\/wordpress\/les-differents-acteurs-de-lecole\/#breadcrumb\",\"itemListElement\":[{\"@type\":\"ListItem\",\"position\":1,\"name\":\"Accueil\",\"item\":\"https:\/\/maternelle-antoine-remond-lyon.blog.ac-lyon.fr\/wordpress\/\"},{\"@type\":\"ListItem\",\"position\":2,\"name\":\"Autres acteurs de l\u2019\u00e9cole\u00a0\"}]},{\"@type\":\"WebSite\",\"@id\":\"https:\/\/maternelle-antoine-remond-lyon.blog.ac-lyon.fr\/wordpress\/#website\",\"url\":\"https:\/\/maternelle-antoine-remond-lyon.blog.ac-lyon.fr\/wordpress\/\",\"name\":\"Ecole Maternelle Antoine Remond\",\"description\":\"\",\"potentialAction\":[{\"@type\":\"SearchAction\",\"target\":{\"@type\":\"EntryPoint\",\"urlTemplate\":\"https:\/\/maternelle-antoine-remond-lyon.blog.ac-lyon.fr\/wordpress\/?s={search_term_string}\"},\"query-input\":{\"@type\":\"PropertyValueSpecification\",\"valueRequired\":true,\"valueName\":\"search_term_string\"}}],\"inLanguage\":\"fr-FR\"}]}<\/script>\n<!-- \/ Yoast SEO plugin. -->","yoast_head_json":{"title":"Autres acteurs de l\u2019\u00e9cole\u00a0 - Ecole Maternelle Antoine Remond","robots":{"index":"index","follow":"follow","max-snippet":"max-snippet:-1","max-image-preview":"max-image-preview:large","max-video-preview":"max-video-preview:-1"},"canonical":"https:\/\/maternelle-antoine-remond-lyon.blog.ac-lyon.fr\/wordpress\/les-differents-acteurs-de-lecole\/","og_locale":"fr_FR","og_type":"article","og_title":"Autres acteurs de l\u2019\u00e9cole\u00a0 - Ecole Maternelle Antoine Remond","og_description":"Association Com\u2019expression :\u00a0\u00a0 Com\u2019expression est une association d\u2019\u00e9ducation populaire, de loi 1901 qui a un partenariat avec la Ville de Lyon, et dont le but est de participer \u00e0 la &hellip; Continuer la lecture de &laquo;&nbsp;Autres acteurs de l\u2019\u00e9cole\u00a0&nbsp;&raquo;","og_url":"https:\/\/maternelle-antoine-remond-lyon.blog.ac-lyon.fr\/wordpress\/les-differents-acteurs-de-lecole\/","og_site_name":"Ecole Maternelle Antoine Remond","article_modified_time":"2022-06-22T12:15:00+00:00","twitter_card":"summary_large_image","twitter_misc":{"Dur\u00e9e de lecture estim\u00e9e":"4 minutes"},"schema":{"@context":"https:\/\/schema.org","@graph":[{"@type":"WebPage","@id":"https:\/\/maternelle-antoine-remond-lyon.blog.ac-lyon.fr\/wordpress\/les-differents-acteurs-de-lecole\/","url":"https:\/\/maternelle-antoine-remond-lyon.blog.ac-lyon.fr\/wordpress\/les-differents-acteurs-de-lecole\/","name":"Autres acteurs de l\u2019\u00e9cole\u00a0 - Ecole Maternelle Antoine Remond","isPartOf":{"@id":"https:\/\/maternelle-antoine-remond-lyon.blog.ac-lyon.fr\/wordpress\/#website"},"datePublished":"2022-06-14T12:18:14+00:00","dateModified":"2022-06-22T12:15:00+00:00","breadcrumb":{"@id":"https:\/\/maternelle-antoine-remond-lyon.blog.ac-lyon.fr\/wordpress\/les-differents-acteurs-de-lecole\/#breadcrumb"},"inLanguage":"fr-FR","potentialAction":[{"@type":"ReadAction","target":["https:\/\/maternelle-antoine-remond-lyon.blog.ac-lyon.fr\/wordpress\/les-differents-acteurs-de-lecole\/"]}]},{"@type":"BreadcrumbList","@id":"https:\/\/maternelle-antoine-remond-lyon.blog.ac-lyon.fr\/wordpress\/les-differents-acteurs-de-lecole\/#breadcrumb","itemListElement":[{"@type":"ListItem","position":1,"name":"Accueil","item":"https:\/\/maternelle-antoine-remond-lyon.blog.ac-lyon.fr\/wordpress\/"},{"@type":"ListItem","position":2,"name":"Autres acteurs de l\u2019\u00e9cole\u00a0"}]},{"@type":"WebSite","@id":"https:\/\/maternelle-antoine-remond-lyon.blog.ac-lyon.fr\/wordpress\/#website","url":"https:\/\/maternelle-antoine-remond-lyon.blog.ac-lyon.fr\/wordpress\/","name":"Ecole Maternelle Antoine Remond","description":"","potentialAction":[{"@type":"SearchAction","target":{"@type":"EntryPoint","urlTemplate":"https:\/\/maternelle-antoine-remond-lyon.blog.ac-lyon.fr\/wordpress\/?s={search_term_string}"},"query-input":{"@type":"PropertyValueSpecification","valueRequired":true,"valueName":"search_term_string"}}],"inLanguage":"fr-FR"}]}},"_links":{"self":[{"href":"https:\/\/maternelle-antoine-remond-lyon.blog.ac-lyon.fr\/wordpress\/wp-json\/wp\/v2\/pages\/476","targetHints":{"allow":["GET"]}}],"collection":[{"href":"https:\/\/maternelle-antoine-remond-lyon.blog.ac-lyon.fr\/wordpress\/wp-json\/wp\/v2\/pages"}],"about":[{"href":"https:\/\/maternelle-antoine-remond-lyon.blog.ac-lyon.fr\/wordpress\/wp-json\/wp\/v2\/types\/page"}],"author":[{"embeddable":true,"href":"https:\/\/maternelle-antoine-remond-lyon.blog.ac-lyon.fr\/wordpress\/wp-json\/wp\/v2\/users\/17"}],"replies":[{"embeddable":true,"href":"https:\/\/maternelle-antoine-remond-lyon.blog.ac-lyon.fr\/wordpress\/wp-json\/wp\/v2\/comments?post=476"}],"version-history":[{"count":7,"href":"https:\/\/maternelle-antoine-remond-lyon.blog.ac-lyon.fr\/wordpress\/wp-json\/wp\/v2\/pages\/476\/revisions"}],"predecessor-version":[{"id":554,"href":"https:\/\/maternelle-antoine-remond-lyon.blog.ac-lyon.fr\/wordpress\/wp-json\/wp\/v2\/pages\/476\/revisions\/554"}],"wp:attachment":[{"href":"https:\/\/maternelle-antoine-remond-lyon.blog.ac-lyon.fr\/wordpress\/wp-json\/wp\/v2\/media?parent=476"}],"curies":[{"name":"wp","href":"https:\/\/api.w.org\/{rel}","templated":true}]}}